{"id":25,"date":"2015-12-24T10:10:13","date_gmt":"2015-12-24T10:10:13","guid":{"rendered":"http:\/\/medical.omnicom-dev.com\/dentist\/?page_id=25"},"modified":"2021-11-22T16:50:42","modified_gmt":"2021-11-22T16:50:42","slug":"minha-atuacao","status":"publish","type":"page","link":"https:\/\/czbiograficos.com.br\/cz\/minha-atuacao\/","title":{"rendered":"Minha Atua\u00e7\u00e3o"},"content":{"rendered":"<div class=\"bt_bb_wrapper\"><section id=\"bt_section69eb5ba90d1c0\"  class=\"boldSection topSemiSpaced btDarkSkin gutter inherit wBackground cover btAccentColorBackground\" style=\"background-image:url('');\"><div class=\"port\"><div class=\"boldCell\"><div class=\"boldCellInner\"><div class=\"boldRow  \" ><div class=\"boldRowInner\"><div class=\"rowItem col-md-9 col-ms-12  btTextLeft animate animate-fadein animate-moveleft inherit\"  ><div class=\"rowItemContent\" ><div class=\"btClear btSeparator topSmallSpaced bottomSmallSpaced noBorder\" ><hr><\/div><header class=\"header btClear extralarge btDash topDash  btNormalDash\" ><div class=\"btSuperTitle\">Conhe\u00e7a mais<\/div><div class=\"dash\"><h1><span class=\"headline\">SOBRE<\/span><\/h1><\/div><\/header><div class=\"btClear btSeparator topExtraSmallSpaced noBorder\" ><hr><\/div><div class=\"btClear btSeparator topSpaced noBorder\" ><hr><\/div><\/div><\/div><div class=\"rowItem col-md-3 col-sm-6 col-ms-12 btTextLeft\"  ><div class=\"rowItemContent\" ><\/div><\/div><\/div><\/div><\/div><\/div><\/div><\/section><section id=\"bt_section69eb5ba90d390\"  class=\"boldSection gutter inherit\" style=\"margin-top: -6px;\"><div class=\"port\"><div class=\"boldCell\"><div class=\"boldCellInner\"><div class=\"boldRow  \" ><div class=\"boldRowInner\"><div class=\"rowItem col-md-4 col-ms-12 btTextLeft inherit\" style=\"background-color: rgba(246, 147, 30, 1);\" ><div class=\"rowItemContent\" ><div class=\"btClear btSeparator topExtraSmallSpaced noBorder\" ><hr><\/div><\/div><\/div><div class=\"rowItem col-md-4 col-ms-12 btTextLeft inherit\" style=\"background-color: rgba(255, 169, 99, 1);\" ><div class=\"rowItemContent\" ><div class=\"btClear btSeparator topExtraSmallSpaced noBorder\" ><hr><\/div><\/div><\/div><div class=\"rowItem col-md-4 col-ms-12 btTextLeft inherit\" style=\"background-color: rgba(255, 212, 109, 1);\" ><div class=\"rowItemContent\" ><div class=\"btClear btSeparator topExtraSmallSpaced noBorder\" ><hr><\/div><\/div><\/div><\/div><\/div><\/div><\/div><\/div><\/section><section id=\"bt_section69eb5ba90d470\"  class=\"boldSection topSemiSpaced gutter inherit\" ><div class=\"port\"><div class=\"boldCell\"><div class=\"boldCellInner\"><div class=\"boldRow  \" ><div class=\"boldRowInner\"><div class=\"rowItem col-md-12 col-ms-12  btTextLeft animate animate-fadein animate-moveright inherit\"  ><div class=\"rowItemContent\" ><div class=\"btClear btSeparator bottomSmallSpaced noBorder\" ><hr><\/div><header class=\"header btClear large btDash bottomDash  btAccentDash\" ><div class=\"dash\"><h2><span class=\"headline\">SOBRE MIM<\/span><\/h2><\/div><\/header><div class=\"btClear btSeparator bottomSemiSpaced noBorder\" ><hr><\/div><\/div><\/div><\/div><\/div><div class=\"boldRow  \" ><div class=\"boldRowInner\"><div class=\"rowItem col-md-8 col-ms-12 btTextLeft animate animate-fadein inherit\"  ><div class=\"rowItemContent\" ><div class=\"btText\" ><p style=\"text-align: justify;\">Nasci no Rio de\u00a0Janeiro em 1955 e\u00a0resido em Curitiba\u00a0desde 1991.<\/p>\n<p style=\"text-align: justify;\">Fui me apropriando de cada passagem da minha vida e percebo um fio que une todas as minhas viv\u00eancias neste ser que sou hoje. Estat\u00edstica de forma\u00e7\u00e3o, atuei durante 33 anos na \u00e1rea t\u00e9cnica em duas grandes empresas. Passei por<br \/>\nprojetos de constru\u00e7\u00e3o e sinaliza\u00e7\u00e3o de estradas, planejamentos estrat\u00e9gicos, fui l\u00edder facilitadora, consultora interna, at\u00e9 perceber um chamado: como unir estas compet\u00eancias para trabalhar com\u00a0o humano?<\/p>\n<p style=\"text-align: justify;\">Cheguei ao Aconselhamento Biogr\u00e1fico!<br \/>\nNele me encontrei e percebo que posso apoiar pessoas em seus processos de desenvolvimento, fazendo-as entrar em contato com suas pr\u00f3prias biografias e delas fazer brotar suas ess\u00eancias\u00a0\u2013 descobrindo o que as faz \u00fanicas, para que possam, confiantes, com amor e em liberdade, seguir em frente, assumindo a autoria de suas vidas. \u00c9 o que faz sentido em minha vida hoje em dia. Eu atuei e atuo em diferentes projetos, em grupo e individuais, dentro e fora do Brasil.<\/p>\n<\/div><\/div><\/div><div class=\"rowItem col-md-4 col-ms-12 btTextRight animate animate-fadein btBottomVertical btNoPadding\"  ><div class=\"rowItemContent\" ><div class=\"bpgPhoto \"  style=\"btTextCenter\"> \r\n\t\t\t\t\t<a href=\"http:\/\/_self\" target=\"\" title=\"\"><\/a>\r\n\t\t\t\t\t<div class=\"boldPhotoBox\"><div class=\"bpbItem\"><div class = \"btImage\"><img decoding=\"async\" src=\"https:\/\/czbiograficos.com.br\/cz\/wp-content\/uploads\/2021\/11\/costanze.png\" alt=\"\" title=\"\" ><\/div><\/div><\/div>\r\n\t\t\t\t\t<div class=\"captionPane\">\r\n\t\t\t\t\t\t<div class=\"captionTable\">\r\n\t\t\t\t\t\t\t<div class=\"captionCell\">\r\n\t\t\t\t\t\t\t\t<div class=\"captionTxt\"><\/div>\r\n\t\t\t\t\t\t\t<\/div>\r\n\t\t\t\t\t\t<\/div>\r\n\t\t\t\t\t<\/div><\/div><\/div><\/div><\/div><\/div><\/div><\/div><\/div><\/section><section id=\"bt_section69eb5ba90d99a\"  class=\"boldSection topSemiSpaced bottomSemiSpaced btDarkSkin gutter inherit btAccentColorBackground\" ><div class=\"port\"><div class=\"boldCell\"><div class=\"boldCellInner\"><div class=\"boldRow  \" ><div class=\"boldRowInner\"><div class=\"rowItem col-md-8 col-ms-12 btTextLeft animate animate-fadein animate-moveup btMiddleVertical\"  ><div class=\"rowItemContent\" ><header class=\"header btClear medium btDash bottomDash  btAlternateDash\" ><div class=\"dash\"><h3><span class=\"headline\">MINHA ATUA\u00c7\u00c3O<\/span><\/h3><\/div><\/header><div class=\"btText\" ><ul style=\"font-size: 14px; line-height: 22px;\">\n<li>Workshop online sobre espelhamentos em biografias<\/li>\n<li>Autora do livro Espelho, Espelho Meu&#8230; Um olhar para espelhamentos na biografia humana &#8211; AD VERBUM Editorial, 2021<\/li>\n<li>Atendimentos individuais agora no formato virtual<\/li>\n<li>Palestras diversas<\/li>\n<li>Panorama de Vida \u2013 escrita e montagem de livro biogr\u00e1fico com imagens e relatos pessoais<\/li>\n<li><strong>Aconselhadora Biogr\u00e1fica<\/strong> diplomada Professional Biography Trainer, certificado emitido pela Escola Livre de Estudos Biogr\u00e1ficos &#8211; ELEB-SP (2007 \u2013 2011), membro do International Trainers Forum \/ Goetheanum, Dornach, Su\u00ed\u00e7a.\n<ul>\n<li>Est\u00e1gio na Alemanha atuando com seniors em projetos de &#8220;Escritas de vida &#8211; resgate de mem\u00f3rias&#8221; e tamb\u00e9m junto \u00e0 Caritas &#8211; 2010<\/li>\n<li>Worldwide Biography Conference, Emerson College, Inglaterra, 2009 e 2013, com apresenta\u00e7\u00e3o do projeto &#8220;Foi um rio que passou em minha vida&#8221; \u2013 trabalho com aposentados<\/li>\n<li>L\u00edder de Si, respons\u00e1vel pela condu\u00e7\u00e3o do programa presencial em Curitiba e Joinville (2010 \u2013 2020)<\/li>\n<li>Palestras e condu\u00e7\u00e3o de grupos de Aconselhamento e Painel Biogr\u00e1fico em Lima, Peru (2013- 2017)<\/li>\n<\/ul>\n<\/li>\n<\/ul>\n<ul style=\"font-size: 14px; line-height: 22px;\">\n<li><strong>Consultor de empresas,<\/strong> L\u00edder Facilitador pela ADIGO Consultores, SP entidade ligada ao NPI-Holanda (2001-2002).<\/li>\n<\/ul>\n<ul style=\"font-size: 14px; line-height: 22px;\">\n<li><strong>Estat\u00edstica e Analista de Sistemas<\/strong> por 32 anos em empresas de m\u00e9dio e grande porte no Rio de Janeiro e Curitiba.<\/li>\n<\/ul>\n<ul style=\"font-size: 14px; line-height: 22px;\">\n<li>Flu\u00eancia em <strong>alem\u00e3o<\/strong>, <strong>ingl\u00eas<\/strong> e <strong>espanhol<\/strong>.<\/li>\n<\/ul>\n<\/div><\/div><\/div><div class=\"rowItem col-md-4 col-ms-12 btTextRight animate animate-fadein animate-moveup btMiddleVertical\"  ><div class=\"rowItemContent\" ><div class=\"btClear btSeparator bottomSemiSpaced noBorder\" ><hr><\/div><div class=\"bt_bb_masonry_image_grid bt_bb_grid_container bt_bb_columns_1 bt_bb_gap_small\" data-columns=\"1\"><div class=\"bt_bb_masonry_post_image_content\" data-columns=\"1\"><div class=\"bt_bb_grid_sizer\"><\/div><div class=\"bt_bb_grid_item bt_bb_tile_format11\" data-hw=\"0.740234375\" data-src=\"https:\/\/czbiograficos.com.br\/cz\/wp-content\/uploads\/2021\/05\/diploma01.jpg\" data-src-full=\"https:\/\/czbiograficos.com.br\/cz\/wp-content\/uploads\/2021\/05\/diploma01.jpg\" data-title=\"diploma01\"><div class=\"bt_bb_grid_item_inner\" data-hw=\"0.740234375\" ><div class=\"bt_bb_grid_item_inner_image\"><\/div><div class=\"bt_bb_grid_item_inner_content\"><\/div><\/div><\/div><\/div><\/div><div class=\"btIconImageRow\" ><div class=\"bpgPhoto \"  style=\"btTextCenter btSimpleHoverType\"> \r\n\t\t\t\t\t<a href=\"http:\/\/_blank\" target=\"\" title=\"\"><\/a>\r\n\t\t\t\t\t<div class=\"boldPhotoBox\"><div class=\"bpbItem\"><div class = \"btImage\"><img decoding=\"async\" src=\"https:\/\/czbiograficos.com.br\/cz\/wp-content\/uploads\/2021\/10\/b-livro.png\" alt=\"\" title=\"\" ><\/div><\/div><\/div>\r\n\t\t\t\t\t<div class=\"captionPane\">\r\n\t\t\t\t\t\t<div class=\"captionTable\">\r\n\t\t\t\t\t\t\t<div class=\"captionCell\">\r\n\t\t\t\t\t\t\t\t<div class=\"captionTxt\"><\/div>\r\n\t\t\t\t\t\t\t<\/div>\r\n\t\t\t\t\t\t<\/div>\r\n\t\t\t\t\t<\/div><\/div><\/div><\/div><\/div><\/div><\/div><\/div><\/div><\/div><\/section><section id=\"bt_section69eb5ba90e111\"  class=\"boldSection gutter\" ><div class=\"port\"><div class=\"boldCell\"><div class=\"boldCellInner\"><div class=\"boldRow  \" ><div class=\"boldRowInner\"><div class=\"rowItem col-md-12 col-ms-12  btTextLeft\"  ><div class=\"rowItemContent\" ><div class=\"btClear btSeparator topSpaced noBorder\" ><hr><\/div><header class=\"header btClear large btDash bottomDash  btAccentDash\" ><div class=\"dash\"><h2><span class=\"headline\">DEPOIMENTOS<\/span><\/h2><\/div><\/header><\/div><\/div><\/div><\/div><\/div><\/div><\/div><\/section><section id=\"bt_section69eb5ba90e1bc\"  class=\"boldSection gutter\" ><div class=\"port\"><div class=\"boldCell\"><div class=\"boldCellInner\"><div class=\"boldRow  \" ><div class=\"boldRowInner\"><div class=\"rowItem col-md-6 col-sm-12 btTextLeft\"  ><div class=\"rowItemContent\" ><div class=\"btText\" ><p>&#8220;Fazia muitos anos que eu tinha a inten\u00e7\u00e3o de fazer um trabalho biogr\u00e1fico. Por diferentes raz\u00f5es, em diferentes momentos, n\u00e3o foi poss\u00edvel. Mas, claramente, essas &#8216;impossibilidades&#8217; nunca s\u00e3o por acaso: no momento certo encontrei a Constanze, a pessoa certa. O processo todo foi muito produtivo e estimulante, com alguns eventos muito intensos, que funcionaram como catalisadores de transforma\u00e7\u00f5es que vinham se processando&#8230; S\u00f3 tenho agradecer a querida e dedicada Constanze por me guiar com tanta seguran\u00e7a pelos caminhos da minha biografia.&#8221;<br \/>\n<strong>Juliana<\/strong><\/p>\n<\/div><div class=\"btClear btSeparator topSmallSpaced noBorder\" ><hr><\/div><div class=\"btText\" ><p>\u201c\u2026 o processo foi rico e estimulante, contribuiu como nunca dantes para recorda\u00e7\u00f5es, lembran\u00e7as de fatos ainda escondidos de minha vida, provocando, \u00e0s vezes, uma catarse\u2026\u201d<\/p>\n<\/div><\/div><\/div><div class=\"rowItem col-md-6 col-sm-12 btTextLeft\"  ><div class=\"rowItemContent\" ><div class=\"btText\" ><p>&#8220;O Processo de Aconselhamento Biogr\u00e1fico, facilitado pela Constanze Zaeyen, foi um marco muito importante na minha jornada de autodesenvolvimento. J\u00e1 havia tido contato com a abordagem que ela trabalha, a antroposofia, mas vivenciar o processo, t\u00e3o bem e carinhosamente organizado e facilitado por ela, foi uma experi\u00eancia \u00edmpar!!!\u00a0 Destaco cada uma das atividades\/tarefas em que fui deliciosamente convidada, me desafiando em habilidades, fazendo resgatar outras adormecidas, os di\u00e1logos, as reflex\u00f5es, os insights, as provoca\u00e7\u00f5es, os conte\u00fados aprendidos, as leituras, o local, o carinho de Constanze em in\u00fameras surpresas&#8230; Enfim, tudo, absolutamente tudo fez sentido e tornou o processo valios\u00edssimo, gerando ainda hoje benef\u00edcios ao meu pensar, sentir e agir&#8230; S\u00f3 Gratid\u00e3o e Honra!!!&#8221;<br \/>\n<strong>Meire Panzini<\/strong><\/p>\n<\/div><div class=\"btClear btSeparator topSmallSpaced noBorder\" ><hr><\/div><div class=\"btText\" ><p>\u201c\u2026 a partir dos encontros, buscando meu passado adormecido, constato qu\u00e3o rica foi a minha vida, o que me encoraja a seguir..\u201d<\/p>\n<\/div><\/div><\/div><\/div><\/div><\/div><\/div><\/div><\/section><section id=\"bt_section69eb5ba90e3bf\"  class=\"boldSection gutter\" ><div class=\"port\"><div class=\"boldCell\"><div class=\"boldCellInner\"><div class=\"boldRow  \" ><div class=\"boldRowInner\"><div class=\"rowItem col-md-12 col-ms-12  btTextLeft\"  ><div class=\"rowItemContent\" ><div class=\"btClear btSeparator topSpaced noBorder\" ><hr><\/div><\/div><\/div><\/div><\/div><\/div><\/div><\/div><\/section><\/div>","protected":false},"excerpt":{"rendered":"","protected":false},"author":1,"featured_media":0,"parent":0,"menu_order":0,"comment_status":"closed","ping_status":"closed","template":"","meta":{"footnotes":""},"class_list":["post-25","page","type-page","status-publish","hentry"],"_links":{"self":[{"href":"https:\/\/czbiograficos.com.br\/cz\/wp-json\/wp\/v2\/pages\/25","targetHints":{"allow":["GET"]}}],"collection":[{"href":"https:\/\/czbiograficos.com.br\/cz\/wp-json\/wp\/v2\/pages"}],"about":[{"href":"https:\/\/czbiograficos.com.br\/cz\/wp-json\/wp\/v2\/types\/page"}],"author":[{"embeddable":true,"href":"https:\/\/czbiograficos.com.br\/cz\/wp-json\/wp\/v2\/users\/1"}],"replies":[{"embeddable":true,"href":"https:\/\/czbiograficos.com.br\/cz\/wp-json\/wp\/v2\/comments?post=25"}],"version-history":[{"count":20,"href":"https:\/\/czbiograficos.com.br\/cz\/wp-json\/wp\/v2\/pages\/25\/revisions"}],"predecessor-version":[{"id":1051,"href":"https:\/\/czbiograficos.com.br\/cz\/wp-json\/wp\/v2\/pages\/25\/revisions\/1051"}],"wp:attachment":[{"href":"https:\/\/czbiograficos.com.br\/cz\/wp-json\/wp\/v2\/media?parent=25"}],"curies":[{"name":"wp","href":"https:\/\/api.w.org\/{rel}","templated":true}]}}