{"id":36,"date":"2015-12-24T10:12:01","date_gmt":"2015-12-24T10:12:01","guid":{"rendered":"http:\/\/medical.omnicom-dev.com\/dentist\/?page_id=36"},"modified":"2015-12-24T10:12:01","modified_gmt":"2015-12-24T10:12:01","slug":"aconselhamento","status":"publish","type":"page","link":"https:\/\/czbiograficos.com.br\/cz\/aconselhamento\/","title":{"rendered":"Aconselhamento Biogr\u00e1fico"},"content":{"rendered":"<div class=\"bt_bb_wrapper\"><section id=\"bt_section69eb5f062c7d8\"  class=\"boldSection topSemiSpaced btDarkSkin gutter inherit wBackground cover btAccentColorBackground\" style=\"background-image:url('');\"><div class=\"port\"><div class=\"boldCell\"><div class=\"boldCellInner\"><div class=\"boldRow  \" ><div class=\"boldRowInner\"><div class=\"rowItem col-md-9 col-ms-12  btTextLeft animate animate-fadein animate-moveleft inherit\"  ><div class=\"rowItemContent\" ><div class=\"btClear btSeparator topSemiSpaced bottomSmallSpaced noBorder\" ><hr><\/div><header class=\"header btClear large btDash topDash  btNormalDash\" ><div class=\"btSuperTitle\">Como funciona o<\/div><div class=\"dash\"><h2><span class=\"headline\">ACONSELHAMENTO BIOGR\u00c1FICO<\/span><\/h2><\/div><\/header><div class=\"btClear btSeparator topSpaced noBorder\" ><hr><\/div><\/div><\/div><div class=\"rowItem col-md-3 col-sm-6 col-ms-12 btTextLeft\"  ><div class=\"rowItemContent\" ><\/div><\/div><\/div><\/div><\/div><\/div><\/div><\/section><section id=\"bt_section69eb5f062cb48\"  class=\"boldSection gutter inherit\" style=\"margin-top: -6px;\"><div class=\"port\"><div class=\"boldCell\"><div class=\"boldCellInner\"><div class=\"boldRow  \" ><div class=\"boldRowInner\"><div class=\"rowItem col-md-4 col-ms-12 btTextLeft inherit\" style=\"background-color: rgba(246, 147, 30, 1);\" ><div class=\"rowItemContent\" ><div class=\"btClear btSeparator topExtraSmallSpaced noBorder\" ><hr><\/div><\/div><\/div><div class=\"rowItem col-md-4 col-ms-12 btTextLeft inherit\" style=\"background-color: rgba(255, 169, 99, 1);\" ><div class=\"rowItemContent\" ><div class=\"btClear btSeparator topExtraSmallSpaced noBorder\" ><hr><\/div><\/div><\/div><div class=\"rowItem col-md-4 col-ms-12 btTextLeft inherit\" style=\"background-color: rgba(255, 212, 109, 1);\" ><div class=\"rowItemContent\" ><div class=\"btClear btSeparator topExtraSmallSpaced noBorder\" ><hr><\/div><\/div><\/div><\/div><\/div><div class=\"boldRow  \" ><div class=\"boldRowInner\"><div class=\"rowItem col-md-8 col-ms-12 btTextLeft inherit\"  ><div class=\"rowItemContent\" ><div class=\"btClear btSeparator topSpaced noBorder\" ><hr><\/div><div class=\"btText\" ><p style=\"text-align: justify;\">Neste processo, tamb\u00e9m conhecido como coaching biogr\u00e1fico, apoiados pelo Aconselhador Biogr\u00e1fico, vamos trazendo para a consci\u00eancia as nossas lembran\u00e7as, compreendendo a din\u00e2mica da nossa exist\u00eancia, revelando um fio condutor e a percep\u00e7\u00e3o de que a nossa vida n\u00e3o \u00e9 apenas uma sucess\u00e3o aleat\u00f3ria de fatos e sim, um processo cont\u00ednuo de desenvolvimento e transforma\u00e7\u00e3o.<\/p>\n<p style=\"text-align: justify;\">Trata-se de uma abordagem objetiva, passando pela visita estruturada ao nosso passado, pela compreens\u00e3o do momento atual e pela vis\u00e3o mais clara e constru\u00e7\u00e3o mais consciente do nosso futuro.<\/p>\n<p style=\"text-align: justify;\">Numa atmosfera de acolhimento e total confidencialidade, somos convidados a fazer uma retrospectiva da nossa biografia, a entrar em contato com a nossa verdade e, a partir dela, mobilizar for\u00e7as de transforma\u00e7\u00e3o, que nos encorajam a ordenar o nosso destino.<\/p>\n<p style=\"text-align: justify;\">Quando as nossas experi\u00eancias de vida permanecem n\u00e3o digeridas e n\u00e3o integradas, elas atuam inconscientemente no nosso SER, consumindo nossa energia vital e continuamente interferindo na nossa rela\u00e7\u00e3o com o mundo.<\/p>\n<\/div><div class=\"btClear btSeparator topSpaced noBorder\" ><hr><\/div><\/div><\/div><div class=\"rowItem col-md-4 col-ms-12 btTextLeft\"  ><div class=\"rowItemContent\" ><div class=\"btClear btSeparator topSpaced noBorder\" ><hr><\/div><div class=\"btTabs tabsVertical \" \" data-open-first=\"\"><ul class=\"tabsHeader\"><li><span>Quem procura um Aconselhador Biogr\u00e1fico?<\/span><\/li><li><span>Como este processo pode ajudar as pessoas?<\/span><\/li><li><span>Existe alguma idade mais indicada para participar de um processo como este?<\/span><\/li><li><span>E eu, que j\u00e1 estou com mais idade, tamb\u00e9m posso participar?<\/span><\/li><li><span>Quantos encontros normalmente s\u00e3o necess\u00e1rios no atendimento individual?<\/span><\/li><\/ul><div class=\"tabPanes accordionPanes\"><div class=\"tabPane\">\r\n\t\t\t<div class=\"tabAccordionTitle\"><span>Quem procura um Aconselhador Biogr\u00e1fico?<\/span><\/div>\r\n\t\t\t<div class=\"tabAccordionContent\"><p>Diferentemente de um Bi\u00f3grafo, o Aconselhador Biogr\u00e1fico trabalha com hist\u00f3rias vivas, com pessoas que ainda queiram mobilizar ou transformar algo em suas vidas. Pessoas que sentem que precisam fazer algo mais, que gostariam de ter uma maior clareza sobre sua caminhada ou que n\u00e3o estejam satisfeitas com a situa\u00e7\u00e3o em que se encontram. Partimos da situa\u00e7\u00e3o trazida pelo cliente e a partir dela o processo se desenvolve. N\u00e3o existe \u201creceita\u201d pronta que apenas seja replicada!<\/p>\n<\/div>\r\n\t\t<\/div><div class=\"tabPane\">\r\n\t\t\t<div class=\"tabAccordionTitle\"><span>Como este processo pode ajudar as pessoas?<\/span><\/div>\r\n\t\t\t<div class=\"tabAccordionContent\"><p>Na medida em que, com confian\u00e7a, discri\u00e7\u00e3o e um m\u00e9todo estruturado, refletimos sobre a nossa pr\u00f3pria hist\u00f3ria de vida, passamos a enxergar um Panorama de nossas vidas, em que cada situa\u00e7\u00e3o se encaixa dentro de um contexto maior e n\u00e3o como fato isolado. Com o apoio do Aconselhador podemos observar e refletir conscientemente sobre estes fatos, despertando em n\u00f3s um novo olhar e uma nova compreens\u00e3o sobre nossas verdadeiras possibilidades de transforma\u00e7\u00e3o e realiza\u00e7\u00e3o.<\/p>\n<\/div>\r\n\t\t<\/div><div class=\"tabPane\">\r\n\t\t\t<div class=\"tabAccordionTitle\"><span>Existe alguma idade mais indicada para participar de um processo como este?<\/span><\/div>\r\n\t\t\t<div class=\"tabAccordionContent\"><p>Preferencialmente o Aconselhamento Biogr\u00e1fico se destina a pessoas que j\u00e1 tenham a sua pr\u00f3pria hist\u00f3ria de vida para contar e sobre a qual possam refletir, pessoas que j\u00e1 estejam independentes e ativas no mundo. Antes desta situa\u00e7\u00e3o, quando ainda n\u00e3o s\u00e3o respons\u00e1veis por seus atos e decis\u00f5es, o processo fica incompleto. Isto porque trabalhamos com o \u201cEU\u201d, consciente, do cliente.<\/p>\n<\/div>\r\n\t\t<\/div><div class=\"tabPane\">\r\n\t\t\t<div class=\"tabAccordionTitle\"><span>E eu, que j\u00e1 estou com mais idade, tamb\u00e9m posso participar?<\/span><\/div>\r\n\t\t\t<div class=\"tabAccordionContent\"><p>Claro! Seja bem-vindo! Quantas situa\u00e7\u00f5es de vida voc\u00eas j\u00e1 n\u00e3o passaram! Quantos dramas, quantas conquistas e supera\u00e7\u00f5es! Enxergar este panorama e vivenciar novamente cada situa\u00e7\u00e3o, al\u00e9m de tornar a sua hist\u00f3ria VIVA, mobiliza for\u00e7as internas que voc\u00ea nunca imaginou que as tivesse. \u00c9 um aprendizado de si mesmo. Posso agora, com orgulho apropriar-me do meu passado e ter confian\u00e7a no que est\u00e1 por vir. Recarregar as baterias!<\/p>\n<\/div>\r\n\t\t<\/div><div class=\"tabPane\">\r\n\t\t\t<div class=\"tabAccordionTitle\"><span>Quantos encontros normalmente s\u00e3o necess\u00e1rios no atendimento individual?<\/span><\/div>\r\n\t\t\t<div class=\"tabAccordionContent\"><p>Cada SER \u00e9 \u00fanico e esta \u00e9 a premissa b\u00e1sica de todo o trabalho biogr\u00e1fico. Partimos sempre da quest\u00e3o trazida pelo cliente. Nestes anos todos que tenho atuado, percebo que uma boa estimativa para o n\u00famero de sess\u00f5es gira em torno de dois encontros para cada fase de sete anos, a que chamamos de set\u00eanio. Esta \u00e9 uma estimativa \u2013 algumas pessoas precisam ou querem se aprofundar em determinados temas da biografia, o que implica em mais sess\u00f5es. Tamb\u00e9m h\u00e1 aquelas pessoas que, passado algum tempo depois do encerramento do processo, queiram voltar a conversar e considerar uma nova situa\u00e7\u00e3o naquela hist\u00f3ria de vida t\u00e3o \u00fanica.<\/p>\n<\/div>\r\n\t\t<\/div><\/div><\/div><\/div><\/div><\/div><\/div><\/div><\/div><\/div><\/section><section id=\"services\" data-parallax=\"0\" data-parallax-offset=\"0\" class=\"boldSection topSpaced bottomSemiSpaced gutter inherit btParallax\" ><div class=\"port\"><div class=\"boldCell\"><div class=\"boldCellInner\"><div class=\"boldRow  \" ><div class=\"boldRowInner\"><div class=\"rowItem col-md-12 col-ms-12  btTextLeft\"  ><div class=\"rowItemContent\" ><header class=\"header btClear medium btDash bottomDash  btAccentDash\" ><div class=\"btSuperTitle\">O processo de<\/div><div class=\"dash\"><h3><span class=\"headline\">Aconselhamento Biogr\u00e1fico pode ser abordado como:<\/span><\/h3><\/div><\/header><div class=\"btClear btSeparator bottomSpaced noBorder\" ><hr><\/div><\/div><\/div><\/div><\/div><div class=\"boldRow  \" ><div class=\"boldRowInner\"><div class=\"rowItem col-md-3 col-sm-6 col-ms-12 btTextLeft animate animate-fadein btTextIndent inherit\"  ><div class=\"rowItemContent\" ><div class=\"btIconImageRow btIconsHalfHoverPosition\" ><span class=\"btIco btIcoFilledType btIcoBigSize btIcoAccentColor   \" ><a href=\"#\"  target = \"no_target\" data-ico-fa=\"&#xf007;\" class=\"btIcoHolder\"><em><\/em><\/a><\/span><\/div><div class=\"btClear btSeparator topExtraSmallSpaced noBorder\" ><hr><\/div><header class=\"header btClear medium  btNormalDash\" ><div class=\"dash\"><h3><span class=\"headline\">Atendimento Individual<\/span><\/h3><\/div><\/header><div class=\"btClear btSeparator topExtraSmallSpaced noBorder\" ><hr><\/div><div class=\"btText\" ><p style=\"text-align: justify;\">Sess\u00f5es semanais peri\u00f3dicas de at\u00e9 uma hora e meia de dura\u00e7\u00e3o cada.<br \/>\nHoje em dia o trabalho \u00e9 feito virtualmente, e como tal, tem se mostrado eficiente, com reflex\u00f5es e trabalhos individuais entre os encontros. No final do processo o cliente recebe o resumo de sua biografia sob a forma<br \/>\nde um painel.<\/p>\n<\/div><div class=\"btClear btSeparator topSmallSpaced noBorder\" ><hr><\/div><div class=\"bt_bb_masonry_image_grid bt_bb_grid_container bt_bb_columns_1 bt_bb_gap_no_gap\" data-columns=\"1\"><div class=\"bt_bb_masonry_post_image_content\" data-columns=\"1\"><div class=\"bt_bb_grid_sizer\"><\/div><div class=\"bt_bb_grid_item bt_bb_tile_format11\" data-hw=\"0.32394366197183\" data-src=\"https:\/\/czbiograficos.com.br\/cz\/wp-content\/uploads\/2021\/09\/img1.png\" data-src-full=\"https:\/\/czbiograficos.com.br\/cz\/wp-content\/uploads\/2021\/09\/img1.png\" data-title=\"img1\"><div class=\"bt_bb_grid_item_inner\" data-hw=\"0.32394366197183\" ><div class=\"bt_bb_grid_item_inner_image\"><\/div><div class=\"bt_bb_grid_item_inner_content\"><\/div><\/div><\/div><\/div><\/div><\/div><\/div><div class=\"rowItem col-md-3 col-sm-6 col-ms-12 btTextLeft animate animate-fadein btTextIndent inherit\"  ><div class=\"rowItemContent\" ><div class=\"btIconImageRow btIconsHalfHoverPosition\" ><span class=\"btIco btIcoFilledType btIcoBigSize btIcoAccentColor   \" ><a href=\"#\"  target = \"no_target\" data-ico-fa=\"&#xf0c0;\" class=\"btIcoHolder\"><em><\/em><\/a><\/span><\/div><div class=\"btClear btSeparator topExtraSmallSpaced noBorder\" ><hr><\/div><header class=\"header btClear medium  btNormalDash\" ><div class=\"dash\"><h3><span class=\"headline\">Atendimento em Grupos<\/span><\/h3><\/div><\/header><div class=\"btClear btSeparator topExtraSmallSpaced noBorder\" ><hr><\/div><div class=\"btText\" ><p style=\"text-align: justify;\">O trabalho com grupos \u00e9 bastante enriquecedor, pois entrar em contato com experi\u00eancias diversas auxilia no resgate de nossas pr\u00f3prias mem\u00f3rias.<br \/>\nQuando eu ou\u00e7o o relato do outro, novas recorda\u00e7\u00f5es podem despertar.<br \/>\nGrupos mistos, compostos de experi\u00eancias e idades diversas, trazem muita inspira\u00e7\u00e3o. Outra possibilidade \u00e9 formar grupos com uma mesma caracter\u00edstica, oferecendo a possibilidade de troca de experi\u00eancias e viv\u00eancias. Por exemplo, grupo de pessoas que estejam perto de se aposentar, grupo de aposentados, grupo de mulheres, etc.<\/p>\n<\/div><div class=\"btClear btSeparator topSmallSpaced noBorder\" ><hr><\/div><\/div><\/div><div class=\"rowItem col-md-3 col-sm-6 col-ms-12 btTextLeft animate animate-fadein btTextIndent inherit\"  ><div class=\"rowItemContent\" ><div class=\"btIconImageRow btIconsHalfHoverPosition\" ><span class=\"btIco btIcoFilledType btIcoBigSize btIcoAccentColor   \" ><a href=\"#\"  target = \"no_target\" data-ico-fa=\"&#xf0c2;\" class=\"btIcoHolder\"><em><\/em><\/a><\/span><\/div><div class=\"btClear btSeparator topExtraSmallSpaced noBorder\" ><hr><\/div><header class=\"header btClear medium  btNormalDash\" ><div class=\"dash\"><h3><span class=\"headline\">Panorama Biogr\u00e1fico<\/span><\/h3><\/div><\/header><div class=\"btClear btSeparator topExtraSmallSpaced noBorder\" ><hr><\/div><div class=\"btText\" ><p style=\"text-align: justify;\">Trabalho individual de reflex\u00e3o e elabora\u00e7\u00e3o das mem\u00f3rias, de reconstru\u00e7\u00e3o do caminho percorrido sob a forma de um verdadeiro Panorama incluindo fatos, sentimentos, fotografias, escritos, poemas e lembran\u00e7as pessoais. Tem se mostrado um excelente presente para aqueles que queiram deixar sua vida registrada para gera\u00e7\u00f5es futuras, apresentando a teia da pr\u00f3pria vida. No final do processo \u00e9 entregue um documento agrupando todas estas lembran\u00e7as de vida sob forma impressa.<\/p>\n<\/div><div class=\"bt_bb_masonry_image_grid bt_bb_grid_container bt_bb_columns_1 bt_bb_gap_no_gap\" data-columns=\"1\"><div class=\"bt_bb_masonry_post_image_content\" data-columns=\"1\"><div class=\"bt_bb_grid_sizer\"><\/div><div class=\"bt_bb_grid_item bt_bb_tile_format11\" data-hw=\"0.28273244781784\" data-src=\"https:\/\/czbiograficos.com.br\/cz\/wp-content\/uploads\/2021\/09\/img2.png\" data-src-full=\"https:\/\/czbiograficos.com.br\/cz\/wp-content\/uploads\/2021\/09\/img2.png\" data-title=\"img2\"><div class=\"bt_bb_grid_item_inner\" data-hw=\"0.28273244781784\" ><div class=\"bt_bb_grid_item_inner_image\"><\/div><div class=\"bt_bb_grid_item_inner_content\"><\/div><\/div><\/div><\/div><\/div><div class=\"btClear btSeparator topSmallSpaced noBorder\" ><hr><\/div><\/div><\/div><div class=\"rowItem col-md-3 col-sm-6 col-ms-12 btTextLeft animate animate-fadein btTextIndent inherit\"  ><div class=\"rowItemContent\" ><div class=\"btIconImageRow btIconsHalfHoverPosition\" ><span class=\"btIco btIcoFilledType btIcoBigSize btIcoAccentColor   \" ><a href=\"#\"  target = \"no_target\" data-ico-fa=\"&#xf085;\" class=\"btIcoHolder\"><em><\/em><\/a><\/span><\/div><div class=\"btClear btSeparator topExtraSmallSpaced noBorder\" ><hr><\/div><header class=\"header btClear medium  btNormalDash\" ><div class=\"dash\"><h3><span class=\"headline\">Workshops e Palestras<\/span><\/h3><\/div><\/header><div class=\"btClear btSeparator topExtraSmallSpaced noBorder\" ><hr><\/div><div class=\"btText\" ><p style=\"text-align: justify;\">Constru\u00eddos a partir de uma necessidade espec\u00edfica, a partir de um tema de interesse. Como exemplo posso citar dentre outros j\u00e1 desenvolvidos e apresentados para Semana de Diversidade e Inclus\u00e3o, Programa para Reflex\u00e3o de Aposentadoria, Forma\u00e7\u00e3o de Agentes do bem conviver.<\/p>\n<\/div><div class=\"btClear btSeparator topSmallSpaced noBorder\" ><hr><\/div><\/div><\/div><\/div><\/div><div class=\"boldRow  \" ><div class=\"boldRowInner\"><div class=\"rowItem col-md-12 col-ms-12  btTextCenter animate animate-fadein btTextIndent inherit\"  ><div class=\"rowItemContent\" ><div class=\"btClear btSeparator topSpaced noBorder\" ><hr><\/div><\/div><\/div><\/div><\/div><\/div><\/div><\/div><\/section><\/div>","protected":false},"excerpt":{"rendered":"","protected":false},"author":1,"featured_media":0,"parent":0,"menu_order":0,"comment_status":"closed","ping_status":"closed","template":"","meta":{"footnotes":""},"class_list":["post-36","page","type-page","status-publish","hentry"],"_links":{"self":[{"href":"https:\/\/czbiograficos.com.br\/cz\/wp-json\/wp\/v2\/pages\/36","targetHints":{"allow":["GET"]}}],"collection":[{"href":"https:\/\/czbiograficos.com.br\/cz\/wp-json\/wp\/v2\/pages"}],"about":[{"href":"https:\/\/czbiograficos.com.br\/cz\/wp-json\/wp\/v2\/types\/page"}],"author":[{"embeddable":true,"href":"https:\/\/czbiograficos.com.br\/cz\/wp-json\/wp\/v2\/users\/1"}],"replies":[{"embeddable":true,"href":"https:\/\/czbiograficos.com.br\/cz\/wp-json\/wp\/v2\/comments?post=36"}],"version-history":[{"count":0,"href":"https:\/\/czbiograficos.com.br\/cz\/wp-json\/wp\/v2\/pages\/36\/revisions"}],"wp:attachment":[{"href":"https:\/\/czbiograficos.com.br\/cz\/wp-json\/wp\/v2\/media?parent=36"}],"curies":[{"name":"wp","href":"https:\/\/api.w.org\/{rel}","templated":true}]}}