{"id":489,"date":"2015-11-30T14:12:37","date_gmt":"2015-11-30T14:12:37","guid":{"rendered":"http:\/\/medical.omnicom-dev.com\/dentist\/?page_id=2"},"modified":"2021-11-22T16:47:29","modified_gmt":"2021-11-22T16:47:29","slug":"home","status":"publish","type":"page","link":"https:\/\/czbiograficos.com.br\/cz\/","title":{"rendered":"Home"},"content":{"rendered":"<div class=\"bt_bb_wrapper\"><section id=\"bt_section69ec95bf151be\" data-parallax=\"0.1\" data-parallax-offset=\"0\" class=\"boldSection btDarkSkin inherit btParallax wBackground cover\" style=\"background-image:url('');\"><div class=\"port\"><div class=\"boldCell\"><div class=\"boldCellInner\"><div class=\"boldRow  \" ><div class=\"boldRowInner\"><div class=\"rowItem col-md-12 col-ms-12  btTextLeft\"  ><div class=\"rowItemContent\" ><div class=\"slided smallSliderHeight btSliderHidePaging bt_bb_show_dots_bottom\"  data-slick='{ \"lazyLoad\": \"progressive\", \"cssEase\": \"ease-out\", \"speed\": \"600\", \"dots\": true}' data-simple_arrows=\"no\"><div class=\"slidedItem firstItem\" style=\"color:#f99300\" data-thumb=\"https:\/\/czbiograficos.com.br\/cz\/wp-content\/uploads\/2021\/11\/bannercz-320x132.png\"><div class=\"btSliderPort wBackground cover\" style=\"background-image: url('https:\/\/czbiograficos.com.br\/cz\/wp-content\/uploads\/2021\/11\/bannercz.png')\"><div class=\"btSliderCell\" data-slick=\"yes\"><div class=\"btSlideGutter\"><div class=\"btSlidePane\"><div class=\"boldRow boldInnerRow  \" ><div class=\"rowItem rowInnerItem col-md-6  btTextLeft inherit\" style=\"color:#f99300\" ><div class=\"rowItemContent\"><\/div><\/div><div class=\"rowItem rowInnerItem col-md-6  btTextLeft inherit\"  ><div class=\"rowItemContent\"><div class=\"btClear btSeparator topSpaced bottomSpaced noBorder\" ><hr><\/div><header class=\"header btClear large btDash bottomDash  btAccentDash\" style=\"color:#222 !important\"><div class=\"dash\"><h2><span class=\"headline\"><b class=\"animate\">Velar, Desvelar e\r<br>Revelar minha biografia.<\/b><\/span><\/h2><\/div><div class=\"btSubTitle\">Acolher meu passado, com cuidado e amor, tirar os v\u00e9us que encobrem minhas viv\u00eancias.\r<br>Perceber o fio que une cada um dos eventos numa trama s\u00f3 minha, individual.\r<br>Encontrar meu prop\u00f3sito.<\/div><\/header><div class=\"btClear btSeparator topExtraSmallSpaced noBorder\" ><hr><\/div><a href=\"https:\/\/czbiograficos.com.br\/cz\/minha-atuacao\/\" class=\"btBtn btBtn btnFilledStyle btnAccentColor btnMedium btnNormalWidth btnRightPosition btnIco\" ><span class=\"btnInnerText\">CONHE\u00c7A<\/span><span class=\"btIco \" ><span  data-ico-fa=\"&#xf0a9;\" class=\"btIcoHolder\"><em><\/em><\/span><\/span><\/a><div class=\"btClear btSeparator topSpaced noBorder\" ><hr><\/div><\/div><\/div><\/div><\/div><\/div><\/div><\/div><\/div><div class=\"slidedItem firstItem\"  data-thumb=\"https:\/\/czbiograficos.com.br\/cz\/wp-content\/uploads\/2021\/05\/b2-1-320x132.png\"><div class=\"btSliderPort wBackground cover\" style=\"background-image: url('https:\/\/czbiograficos.com.br\/cz\/wp-content\/uploads\/2021\/05\/b2-1.png')\"><div class=\"btSliderCell\" data-slick=\"yes\"><div class=\"btSlideGutter\"><div class=\"btSlidePane\"><div class=\"boldRow boldInnerRow  \" ><div class=\"rowItem rowInnerItem col-md-7  btTextLeft\"  ><div class=\"rowItemContent\"><div class=\"btClear btSeparator topSpaced bottomSpaced noBorder\" ><hr><\/div><header class=\"header btClear extralarge  btAccentDash\" ><div class=\"dash\"><h1><span class=\"headline\"><em>ACONSELHAMENTO<\/em> BIOGR\u00c1FICO<\/span><\/h1><\/div><div class=\"btSubTitle\">Seja consciente com seu futuro!<\/div><\/header><div class=\"btClear btSeparator topExtraSmallSpaced noBorder\" ><hr><\/div><a href=\"https:\/\/czbiograficos.com.br\/cz\/aconselhamento\/\" class=\"btBtn btBtn btnFilledStyle btnAccentColor btnMedium btnNormalWidth btnRightPosition btnIco\" ><span class=\"btnInnerText\">CONHE\u00c7A<\/span><span class=\"btIco \" ><span  data-ico-fa=\"&#xf138;\" class=\"btIcoHolder\"><em><\/em><\/span><\/span><\/a><div class=\"btClear btSeparator topSpaced noBorder\" ><hr><\/div><\/div><\/div><div class=\"rowItem rowInnerItem col-md-5  btTextLeft\"  ><div class=\"rowItemContent\"><\/div><\/div><\/div><\/div><\/div><\/div><\/div><\/div><\/div><\/div><\/div><\/div><\/div><\/div><\/div><\/div><\/section><section id=\"bt_section69ec95bf164f9\" data-parallax=\"0.3\" data-parallax-offset=\"0\" class=\"boldSection gutter inherit btParallax wBackground cover\" style=\"background-image:url('');margin-top: -20px;\"><div class=\"port\"><div class=\"boldCell\"><div class=\"boldCellInner\"><div class=\"boldRow btDarkSkin \" style=\"background-color: transparent;\"><div class=\"boldRowInner\"><div class=\"rowItem col-md-3 col-sm-6 col-ms-12 btTextLeft btTopVertical btDoublePadding\" style=\"background-color: rgba(246, 147, 30, 1);\" ><div class=\"rowItemContent\" ><div class=\"btIconImageRow btIconsHalfHoverPosition\" ><span class=\"btIco btIcoFilledType btIcoBigSize btIcoAlterColor   \" ><a href=\"https:\/\/czbiograficos.com.br\/cz\/aconselhamento\/\"  target = \"_self\" data-ico-fa=\"&#xf183;\" class=\"btIcoHolder\"><em><\/em><\/a><\/span><\/div><div class=\"btClear btSeparator topSmallSpaced noBorder\" ><hr><\/div><header class=\"header btClear large  btNormalDash\" ><div class=\"btSubTitle\">Atendimento Individual<\/div><\/header><div class=\"btText\" ><p>Trabalho \u00e9 feito virtualmente, e como tal, tem se mostrado eficiente, com reflex\u00f5es e trabalhos individuais entre os encontros.<\/p>\n<\/div><div class=\"btClear btSeparator topSmallSpaced noBorder\" ><hr><\/div><a href=\"https:\/\/czbiograficos.com.br\/cz\/aconselhamento\/\" class=\"btBtn btBtn btnOutlineStyle btnLightColor btnExtraSmall btnNormalWidth btnRightPosition btnNoIcon\"  target=\"_self\"><span class=\"btnInnerText\">Saiba mais<\/span><\/a><div class=\"btClear btSeparator topSemiSpaced noBorder\" ><hr><\/div><\/div><\/div><div class=\"rowItem col-md-3 col-sm-6 col-ms-12 btTextLeft inherit btDoublePadding\" style=\"background-color: rgba(249, 165, 75, 1);\" ><div class=\"rowItemContent\" ><div class=\"btIconImageRow btIconsHalfHoverPosition\" ><span class=\"btIco btIcoFilledType btIcoBigSize btIcoAlterColor   \" ><a href=\"https:\/\/czbiograficos.com.br\/cz\/aconselhamento\/\"  target = \"_self\" data-ico-fa=\"&#xf0c0;\" class=\"btIcoHolder\"><em><\/em><\/a><\/span><\/div><div class=\"btClear btSeparator topSmallSpaced noBorder\" ><hr><\/div><header class=\"header btClear large  btNormalDash\" ><div class=\"btSubTitle\">Atendimento em Grupos<\/div><\/header><div class=\"btText\" ><p>O trabalho com grupos \u00e9 bastante enriquecedor, pois entrar em contato com experi\u00eancias diversas auxilia no resgate de nossas pr\u00f3prias mem\u00f3rias.<\/p>\n<\/div><div class=\"btClear btSeparator topSmallSpaced noBorder\" ><hr><\/div><a href=\"https:\/\/czbiograficos.com.br\/cz\/aconselhamento\/\" class=\"btBtn btBtn btnOutlineStyle btnLightColor btnExtraSmall btnNormalWidth btnRightPosition btnNoIcon\"  target=\"_self\"><span class=\"btnInnerText\">Saiba mais<\/span><\/a><div class=\"btClear btSeparator topSemiSpaced noBorder\" ><hr><\/div><\/div><\/div><div class=\"rowItem col-md-3 col-sm-6 col-ms-12 btTextLeft inherit btDoublePadding\" style=\"background-color: rgba(246, 147, 30, 1);\" ><div class=\"rowItemContent\" ><div class=\"btIconImageRow btIconsHalfHoverPosition\" ><span class=\"btIco btIcoFilledType btIcoBigSize btIcoAlterColor   \" ><a href=\"https:\/\/czbiograficos.com.br\/cz\/aconselhamento\/\"  target = \"_self\" data-ico-fa=\"&#xf085;\" class=\"btIcoHolder\"><em><\/em><\/a><\/span><\/div><div class=\"btClear btSeparator topSmallSpaced noBorder\" ><hr><\/div><header class=\"header btClear large  btNormalDash\" ><div class=\"btSubTitle\">Panorama Biogr\u00e1fico<\/div><\/header><div class=\"btText\" ><p>Trabalho individual de reflex\u00e3o e elabora\u00e7\u00e3o das mem\u00f3rias, de reconstru\u00e7\u00e3o do caminho percorrido sob a forma de um verdadeiro&#8230;<\/p>\n<\/div><div class=\"btClear btSeparator topSmallSpaced noBorder\" ><hr><\/div><a href=\"https:\/\/czbiograficos.com.br\/cz\/aconselhamento\/\" class=\"btBtn btBtn btnOutlineStyle btnLightColor btnExtraSmall btnNormalWidth btnRightPosition btnNoIcon\"  target=\"_self\"><span class=\"btnInnerText\">Saiba mais<\/span><\/a><div class=\"btClear btSeparator topSemiSpaced noBorder\" ><hr><\/div><\/div><\/div><div class=\"rowItem col-md-3 col-sm-6 col-ms-12 btTextLeft inherit btDoublePadding\" style=\"background-color: rgba(249, 165, 75, 1);\" ><div class=\"rowItemContent\" ><div class=\"btIconImageRow btIconsHalfHoverPosition\" ><span class=\"btIco btIcoFilledType btIcoBigSize btIcoAlterColor   \" ><a href=\"https:\/\/czbiograficos.com.br\/cz\/aconselhamento\/\"  target = \"_self\" data-ico-fa=\"&#xf086;\" class=\"btIcoHolder\"><em><\/em><\/a><\/span><\/div><div class=\"btClear btSeparator topSmallSpaced noBorder\" ><hr><\/div><header class=\"header btClear large  btNormalDash\" ><div class=\"btSubTitle\">Workshops e Palestras<\/div><\/header><div class=\"btText\" ><p>Constru\u00eddos a partir de uma necessidade espec\u00edfica, a partir de um tema de interesse.<\/p>\n<\/div><div class=\"btClear btSeparator topSmallSpaced noBorder\" ><hr><\/div><a href=\"https:\/\/czbiograficos.com.br\/cz\/aconselhamento\/\" class=\"btBtn btBtn btnOutlineStyle btnLightColor btnExtraSmall btnNormalWidth btnRightPosition btnNoIcon\"  target=\"_self\"><span class=\"btnInnerText\">Saiba mais<\/span><\/a><div class=\"btClear btSeparator topSemiSpaced noBorder\" ><hr><\/div><\/div><\/div><\/div><\/div><\/div><\/div><\/div><\/section><section id=\"bt_section69ec95bf172ef\"  class=\"boldSection gutter\" ><div class=\"port\"><div class=\"boldCell\"><div class=\"boldCellInner\"><div class=\"boldRow  \" ><div class=\"boldRowInner\"><div class=\"rowItem col-md-12 col-ms-12  btTextLeft\"  ><div class=\"rowItemContent\" ><div class=\"btClear btSeparator topSpaced noBorder\" ><hr><\/div><\/div><\/div><\/div><\/div><\/div><\/div><\/div><\/section><section id=\"bt_section69ec95bf17405\"  class=\"boldSection topSpaced bottomSpaced gutter inherit\" style=\"background-color:rgb(226,226,226);\"><div class=\"port\"><div class=\"boldCell\"><div class=\"boldCellInner\"><div class=\"boldRow  \" ><div class=\"boldRowInner\"><div class=\"rowItem col-md-6 col-sm-12 btTextLeft\"  ><div class=\"rowItemContent\" ><header class=\"header btClear medium btDash bottomDash  btAccentDash\" ><div class=\"dash\"><h3><span class=\"headline\">Espelho, espelho meu\u2026<\/span><\/h3><\/div><\/header><div class=\"btClear btSeparator bottomSmallSpaced noBorder\" ><hr><\/div><div class=\"btText\" ><p style=\"text-align: justify;\">Um olhar para espelhamentos na biografia humana.<\/p>\n<\/div><div class=\"btIconImageRow\" ><div class=\"bpgPhoto \"  style=\"btTextCenter btSimpleHoverType\"> \r\n\t\t\t\t\t<a href=\"http:\/\/_blank\" target=\"\" title=\"\"><\/a>\r\n\t\t\t\t\t<div class=\"boldPhotoBox\"><div class=\"bpbItem\"><div class = \"btImage\"><img decoding=\"async\" src=\"https:\/\/czbiograficos.com.br\/cz\/wp-content\/uploads\/2021\/10\/b-livrohome.png\" alt=\"\" title=\"\" ><\/div><\/div><\/div>\r\n\t\t\t\t\t<div class=\"captionPane\">\r\n\t\t\t\t\t\t<div class=\"captionTable\">\r\n\t\t\t\t\t\t\t<div class=\"captionCell\">\r\n\t\t\t\t\t\t\t\t<div class=\"captionTxt\"><\/div>\r\n\t\t\t\t\t\t\t<\/div>\r\n\t\t\t\t\t\t<\/div>\r\n\t\t\t\t\t<\/div><\/div><\/div><a href=\"https:\/\/www.antroposofica.com.br\/listaprodutos.asp?idproduto=7417785&amp;q=espelho--espelho-meu------constanze-zaeyen\" class=\"btBtn btBtn btnOutlineStyle btnNormalColor btnExtraSmall btnNormalWidth btnRightPosition btnNoIcon\"  target=\"_blank\"><span class=\"btnInnerText\">COMPRE AGORA<\/span><\/a><\/div><\/div><div class=\"rowItem col-md-6 col-sm-12 btTextLeft inherit\"  ><div class=\"rowItemContent\" ><header class=\"header btClear medium btDash bottomDash  btAccentDash\" ><div class=\"dash\"><h3><span class=\"headline\">Siga no Facebook<\/span><\/h3><\/div><\/header><iframe loading=\"lazy\" src=\"https:\/\/www.facebook.com\/plugins\/page.php?href=https%3A%2F%2Fwww.facebook.com%2Fczbiograficos%2F&#038;tabs=timeline&#038;width=500&#038;height=600&#038;small_header=false&#038;adapt_container_width=false&#038;hide_cover=false&#038;show_facepile=true&#038;appId=571526080211283\" width=\"500\" height=\"600\" style=\"border:none;overflow:hidden\" scrolling=\"no\" frameborder=\"0\" allowfullscreen=\"true\" allow=\"autoplay; clipboard-write; encrypted-media; picture-in-picture; web-share\"><\/iframe><\/div><\/div><\/div><\/div><\/div><\/div><\/div><\/section><section id=\"services\" data-parallax=\"0\" data-parallax-offset=\"0\" class=\"boldSection topSpaced bottomSemiSpaced gutter inherit btParallax wBackground cover\" style=\"background-image:url('https:\/\/czbiograficos.com.br\/cz\/wp-content\/uploads\/2021\/05\/bg-cz.png');\"><div class=\"port\"><div class=\"boldCell\"><div class=\"boldCellInner\"><div class=\"boldRow  \" ><div class=\"boldRowInner\"><div class=\"rowItem col-md-12 col-ms-12  btTextCenter animate animate-fadein animate-moveleft inherit\"  ><div class=\"rowItemContent\" ><header class=\"header btClear extralarge btDash topDash  btAccentDash\" ><div class=\"btSuperTitle\">Acompanhe nossas<\/div><div class=\"dash\"><h1><span class=\"headline\"><b class=\"animate\">NOVIDADES<\/b><\/span><\/h1><\/div><\/header><div class=\"btLatestPostsContainer  horizontalPosts \" >\r\n\t\t\t\t<div class=\"btSingleLatestPost col-sm-3 col-ms-12  inherit\"><span class=\"btIco btIcoMediumSize btIcoFilledType btIcoAccentColor\" ><a href=\"https:\/\/czbiograficos.com.br\/cz\/2025\/06\/25\/best-online-casinos-that-payout-united-kingdom\/\"  data-ico-cs=\"&#xe9f9;\" class=\"btIcoHolder\"><em><\/em><\/a><\/span><div class = \"btSingleLatestPostContent\"><div class=\"btSLPCCwrap\">\r\n\t\t\t\t\t\t\r\n\t\t\t\t\t\t<header class=\"header btClear medium btAlternateDash\" ><div class=\"dash\"><h3><span class=\"headline\"><a href=\"https:\/\/czbiograficos.com.br\/cz\/2025\/06\/25\/best-online-casinos-that-payout-united-kingdom\/\" target=\"_self\">Best Online Casinos That Payout United Kingdom<\/a><\/span><\/h3><\/div><\/header><\/div><\/div><\/div>\r\n\t\t\t\t<div class=\"btSingleLatestPost col-sm-3 col-ms-12  inherit\"><span class=\"btIco btIcoMediumSize btIcoFilledType btIcoAccentColor\" ><a href=\"https:\/\/czbiograficos.com.br\/cz\/2025\/06\/22\/casino-med-kortbetalning\/\"  data-ico-cs=\"&#xe9f9;\" class=\"btIcoHolder\"><em><\/em><\/a><\/span><div class = \"btSingleLatestPostContent\"><div class=\"btSLPCCwrap\">\r\n\t\t\t\t\t\t\r\n\t\t\t\t\t\t<header class=\"header btClear medium btAlternateDash\" ><div class=\"dash\"><h3><span class=\"headline\"><a href=\"https:\/\/czbiograficos.com.br\/cz\/2025\/06\/22\/casino-med-kortbetalning\/\" target=\"_self\">Casino Med Kortbetalning<\/a><\/span><\/h3><\/div><\/header><\/div><\/div><\/div>\r\n\t\t\t\t<div class=\"btSingleLatestPost col-sm-3 col-ms-12  inherit\"><span class=\"btIco btIcoMediumSize btIcoFilledType btIcoAccentColor\" ><a href=\"https:\/\/czbiograficos.com.br\/cz\/2025\/06\/21\/sveriges-basta-visa-casinon-for-2025\/\"  data-ico-cs=\"&#xe9f9;\" class=\"btIcoHolder\"><em><\/em><\/a><\/span><div class = \"btSingleLatestPostContent\"><div class=\"btSLPCCwrap\">\r\n\t\t\t\t\t\t\r\n\t\t\t\t\t\t<header class=\"header btClear medium btAlternateDash\" ><div class=\"dash\"><h3><span class=\"headline\"><a href=\"https:\/\/czbiograficos.com.br\/cz\/2025\/06\/21\/sveriges-basta-visa-casinon-for-2025\/\" target=\"_self\">Sveriges B\u00e4sta Visa Casinon f\u00f6r 2025<\/a><\/span><\/h3><\/div><\/header><\/div><\/div><\/div>\r\n\t\t\t\t<div class=\"btSingleLatestPost col-sm-3 col-ms-12  inherit\"><span class=\"btIco btIcoMediumSize btIcoFilledType btIcoAccentColor\" ><a href=\"https:\/\/czbiograficos.com.br\/cz\/2025\/06\/20\/maquinas-tragamonedas-barcelona\/\"  data-ico-cs=\"&#xe9f9;\" class=\"btIcoHolder\"><em><\/em><\/a><\/span><div class = \"btSingleLatestPostContent\"><div class=\"btSLPCCwrap\">\r\n\t\t\t\t\t\t\r\n\t\t\t\t\t\t<header class=\"header btClear medium btAlternateDash\" ><div class=\"dash\"><h3><span class=\"headline\"><a href=\"https:\/\/czbiograficos.com.br\/cz\/2025\/06\/20\/maquinas-tragamonedas-barcelona\/\" target=\"_self\">M\u00e1quinas Tragamonedas Barcelona<\/a><\/span><\/h3><\/div><\/header><\/div><\/div><\/div><\/div><div class=\"btClear btSeparator bottomSemiSpaced noBorder\" ><hr><\/div><\/div><\/div><\/div><\/div><div class=\"boldRow  \" ><div class=\"boldRowInner\"><div class=\"rowItem col-md-12 col-ms-12  btTextCenter animate animate-fadein btTextIndent inherit\"  ><div class=\"rowItemContent\" ><div class=\"btClear btSeparator topSemiSpaced noBorder\" ><hr><\/div><\/div><\/div><\/div><\/div><\/div><\/div><\/div><\/section><\/div>","protected":false},"excerpt":{"rendered":"","protected":false},"author":1,"featured_media":0,"parent":0,"menu_order":0,"comment_status":"closed","ping_status":"closed","template":"","meta":{"footnotes":""},"class_list":["post-489","page","type-page","status-publish","hentry"],"_links":{"self":[{"href":"https:\/\/czbiograficos.com.br\/cz\/wp-json\/wp\/v2\/pages\/489","targetHints":{"allow":["GET"]}}],"collection":[{"href":"https:\/\/czbiograficos.com.br\/cz\/wp-json\/wp\/v2\/pages"}],"about":[{"href":"https:\/\/czbiograficos.com.br\/cz\/wp-json\/wp\/v2\/types\/page"}],"author":[{"embeddable":true,"href":"https:\/\/czbiograficos.com.br\/cz\/wp-json\/wp\/v2\/users\/1"}],"replies":[{"embeddable":true,"href":"https:\/\/czbiograficos.com.br\/cz\/wp-json\/wp\/v2\/comments?post=489"}],"version-history":[{"count":8,"href":"https:\/\/czbiograficos.com.br\/cz\/wp-json\/wp\/v2\/pages\/489\/revisions"}],"predecessor-version":[{"id":1049,"href":"https:\/\/czbiograficos.com.br\/cz\/wp-json\/wp\/v2\/pages\/489\/revisions\/1049"}],"wp:attachment":[{"href":"https:\/\/czbiograficos.com.br\/cz\/wp-json\/wp\/v2\/media?parent=489"}],"curies":[{"name":"wp","href":"https:\/\/api.w.org\/{rel}","templated":true}]}}